{"id":540,"date":"2021-07-29T18:03:41","date_gmt":"2021-07-29T18:03:41","guid":{"rendered":"http:\/\/zeitlos-mainz.com\/?page_id=540"},"modified":"2021-08-10T08:23:02","modified_gmt":"2021-08-10T08:23:02","slug":"impressum","status":"publish","type":"page","link":"http:\/\/zeitlos-mainz.com\/index.php\/impressum\/","title":{"rendered":"Impressum"},"content":{"rendered":"\t\t<div data-elementor-type=\"wp-post\" data-elementor-id=\"540\" class=\"elementor elementor-540\">\n\t\t\t\t\t\t<section class=\"elementor-section elementor-top-section elementor-element elementor-element-f8424f0 elementor-section-boxed elementor-section-height-default elementor-section-height-default\" data-id=\"f8424f0\" data-element_type=\"section\" data-e-type=\"section\" data-settings=\"{&quot;background_background&quot;:&quot;classic&quot;}\">\n\t\t\t\t\t\t<div class=\"elementor-container elementor-column-gap-default\">\n\t\t\t\t\t<div class=\"elementor-column elementor-col-100 elementor-top-column elementor-element elementor-element-473bcba\" data-id=\"473bcba\" data-element_type=\"column\" data-e-type=\"column\">\n\t\t\t<div class=\"elementor-widget-wrap elementor-element-populated\">\n\t\t\t\t\t\t<div class=\"elementor-element elementor-element-43d6c8e elementor-widget elementor-widget-image\" data-id=\"43d6c8e\" data-element_type=\"widget\" data-e-type=\"widget\" data-widget_type=\"image.default\">\n\t\t\t\t<div class=\"elementor-widget-container\">\n\t\t\t\t\t\t\t\t\t\t\t\t\t\t\t\t<a href=\"http:\/\/zeitlos-mainz.com\/\">\n\t\t\t\t\t\t\t<img decoding=\"async\" width=\"300\" height=\"87\" src=\"http:\/\/zeitlos-mainz.com\/wp-content\/uploads\/2021\/08\/zeitlos_Logobig-300x87.png\" class=\"attachment-medium size-medium wp-image-735\" alt=\"\" srcset=\"http:\/\/zeitlos-mainz.com\/wp-content\/uploads\/2021\/08\/zeitlos_Logobig-300x87.png 300w, http:\/\/zeitlos-mainz.com\/wp-content\/uploads\/2021\/08\/zeitlos_Logobig-1024x297.png 1024w, http:\/\/zeitlos-mainz.com\/wp-content\/uploads\/2021\/08\/zeitlos_Logobig-768x223.png 768w, http:\/\/zeitlos-mainz.com\/wp-content\/uploads\/2021\/08\/zeitlos_Logobig.png 1063w\" sizes=\"(max-width: 300px) 100vw, 300px\" \/>\t\t\t\t\t\t\t\t<\/a>\n\t\t\t\t\t\t\t\t\t\t\t\t\t\t\t<\/div>\n\t\t\t\t<\/div>\n\t\t\t\t\t<\/div>\n\t\t<\/div>\n\t\t\t\t\t<\/div>\n\t\t<\/section>\n\t\t\t\t<section class=\"elementor-section elementor-top-section elementor-element elementor-element-7843d5ec elementor-section-content-middle elementor-section-boxed elementor-section-height-default elementor-section-height-default\" data-id=\"7843d5ec\" data-element_type=\"section\" data-e-type=\"section\">\n\t\t\t\t\t\t<div class=\"elementor-container elementor-column-gap-no\">\n\t\t\t\t\t<div class=\"elementor-column elementor-col-50 elementor-top-column elementor-element elementor-element-158c6ced\" data-id=\"158c6ced\" data-element_type=\"column\" data-e-type=\"column\">\n\t\t\t<div class=\"elementor-widget-wrap elementor-element-populated\">\n\t\t\t\t\t\t<div class=\"elementor-element elementor-element-596e6a2a elementor-widget-divider--view-line elementor-widget elementor-widget-divider\" data-id=\"596e6a2a\" data-element_type=\"widget\" data-e-type=\"widget\" data-widget_type=\"divider.default\">\n\t\t\t\t<div class=\"elementor-widget-container\">\n\t\t\t\t\t\t\t<div class=\"elementor-divider\">\n\t\t\t<span class=\"elementor-divider-separator\">\n\t\t\t\t\t\t<\/span>\n\t\t<\/div>\n\t\t\t\t\t\t<\/div>\n\t\t\t\t<\/div>\n\t\t\t\t<div class=\"elementor-element elementor-element-79be3c16 elementor-widget elementor-widget-heading\" data-id=\"79be3c16\" data-element_type=\"widget\" data-e-type=\"widget\" data-widget_type=\"heading.default\">\n\t\t\t\t<div class=\"elementor-widget-container\">\n\t\t\t\t\t<h4 class=\"elementor-heading-title elementor-size-default\">impressum<\/h4>\t\t\t\t<\/div>\n\t\t\t\t<\/div>\n\t\t\t\t\t<\/div>\n\t\t<\/div>\n\t\t\t\t<div class=\"elementor-column elementor-col-50 elementor-top-column elementor-element elementor-element-391e3bff\" data-id=\"391e3bff\" data-element_type=\"column\" data-e-type=\"column\">\n\t\t\t<div class=\"elementor-widget-wrap elementor-element-populated\">\n\t\t\t\t\t\t<div class=\"elementor-element elementor-element-725d0efc elementor-widget elementor-widget-text-editor\" data-id=\"725d0efc\" data-element_type=\"widget\" data-e-type=\"widget\" data-widget_type=\"text-editor.default\">\n\t\t\t\t<div class=\"elementor-widget-container\">\n\t\t\t\t\t\t\t\t\t<p><b>Betreiber dieser Website:\u00a0<\/b><\/p><p>Anja Mroczek\u00a0<br \/>Einzelunternehmerin<\/p><p>zeitlos Damenmode\u00a0<br \/>Ludwigsstr. 1\u00a0<br \/>55116 Mainz\u00a0<\/p><p>Telefon: +49 (0)6131 219 66 00\u00a0<br \/>Fax: +49 (0)6131 219 66 01\u00a0<\/p><p>Steuer-Nr: 26\/117\/62251\u00a0<br \/>Email: <a href=\"mailto:a-m@zeitlos-mainz.de\">a-m@zeitlos-mainz.de<\/a>\u00a0<\/p><p>Copyright: Texte, Logos, Copyright \u00a9 2021 Anja Mroczek<\/p><p><b>Webdesign:\u00a0<\/b><\/p><p>Mario Scherthan<br \/>Email: <a href=\"mailto:scherthanmario@gmail.com\">scherthanmario@gmail.com<\/a><\/p><p><b>Haftungshinweis:\u00a0<\/b><\/p><p>Trotz sorgf\u00e4ltiger Inhaltlicher Kontrolle \u00fcbernehmen wir keine Haftung f\u00fcr die Inhalte und\/oder externe Links. F\u00fcr den Inhalt der verlinkten Seiten sind ausschlie\u00dflich deren Betreiber verantwortlich. Inhaltlich Verantwortlicher gem\u00e4\u00df \u00a75 TMG: Anja Mroczek\u00a0<\/p><p>Diese Website enth\u00e4lt Hinweise auf Eigentumsrechte und Informationen zu Urheberrechten &#8211; auch Dritter, die beachtet und befolgt werden m\u00fcssen. F\u00fcr inhaltliche Fehler \u00fcbernehmen wir keine Haftung. Wir behalten uns vor, die Informationen jederzeit zu aktualisieren und\/oder zu \u00e4ndern\u00a0<\/p>\t\t\t\t\t\t\t\t<\/div>\n\t\t\t\t<\/div>\n\t\t\t\t\t<\/div>\n\t\t<\/div>\n\t\t\t\t\t<\/div>\n\t\t<\/section>\n\t\t\t\t<section class=\"elementor-section elementor-top-section elementor-element elementor-element-361bc5d elementor-section-boxed elementor-section-height-default elementor-section-height-default\" data-id=\"361bc5d\" data-element_type=\"section\" data-e-type=\"section\">\n\t\t\t\t\t\t<div class=\"elementor-container elementor-column-gap-default\">\n\t\t\t\t\t<div class=\"elementor-column elementor-col-100 elementor-top-column elementor-element elementor-element-7b85e78\" data-id=\"7b85e78\" data-element_type=\"column\" data-e-type=\"column\">\n\t\t\t<div class=\"elementor-widget-wrap elementor-element-populated\">\n\t\t\t\t\t\t<section class=\"elementor-section elementor-inner-section elementor-element elementor-element-51d6ce3 elementor-section-boxed elementor-section-height-default elementor-section-height-default\" data-id=\"51d6ce3\" data-element_type=\"section\" data-e-type=\"section\">\n\t\t\t\t\t\t<div class=\"elementor-container elementor-column-gap-default\">\n\t\t\t\t\t<div class=\"elementor-column elementor-col-50 elementor-inner-column elementor-element elementor-element-c52bf1d\" data-id=\"c52bf1d\" data-element_type=\"column\" data-e-type=\"column\">\n\t\t\t<div class=\"elementor-widget-wrap elementor-element-populated\">\n\t\t\t\t\t\t<div class=\"elementor-element elementor-element-3185a07 elementor-widget elementor-widget-heading\" data-id=\"3185a07\" data-element_type=\"widget\" data-e-type=\"widget\" data-widget_type=\"heading.default\">\n\t\t\t\t<div class=\"elementor-widget-container\">\n\t\t\t\t\t<h2 class=\"elementor-heading-title elementor-size-default\"><a href=\"http:\/\/zeitlos-mainz.com\/index.php\/impressum\/\">Impressum <\/a><\/h2>\t\t\t\t<\/div>\n\t\t\t\t<\/div>\n\t\t\t\t\t<\/div>\n\t\t<\/div>\n\t\t\t\t<div class=\"elementor-column elementor-col-50 elementor-inner-column elementor-element elementor-element-90821ef\" data-id=\"90821ef\" data-element_type=\"column\" data-e-type=\"column\">\n\t\t\t<div class=\"elementor-widget-wrap elementor-element-populated\">\n\t\t\t\t\t\t<div class=\"elementor-element elementor-element-0c5ea9d elementor-widget elementor-widget-heading\" data-id=\"0c5ea9d\" data-element_type=\"widget\" data-e-type=\"widget\" data-widget_type=\"heading.default\">\n\t\t\t\t<div class=\"elementor-widget-container\">\n\t\t\t\t\t<h2 class=\"elementor-heading-title elementor-size-default\"><a href=\"http:\/\/zeitlos-mainz.com\/index.php\/datenschutzerklaerung\/\">Datenschutz<\/a><\/h2>\t\t\t\t<\/div>\n\t\t\t\t<\/div>\n\t\t\t\t\t<\/div>\n\t\t<\/div>\n\t\t\t\t\t<\/div>\n\t\t<\/section>\n\t\t\t\t\t<\/div>\n\t\t<\/div>\n\t\t\t\t\t<\/div>\n\t\t<\/section>\n\t\t\t\t<\/div>\n\t\t","protected":false},"excerpt":{"rendered":"<p>impressum Betreiber dieser Website:\u00a0 Anja Mroczek\u00a0Einzelunternehmerin zeitlos Damenmode\u00a0Ludwigsstr. 1\u00a055116 Mainz\u00a0 Telefon: +49 (0)6131 219 66 00\u00a0Fax: +49 (0)6131 219 66 01\u00a0 Steuer-Nr: 26\/117\/62251\u00a0Email: a-m@zeitlos-mainz.de\u00a0 Copyright: Texte, Logos, Copyright \u00a9 2021 Anja Mroczek Webdesign:\u00a0 Mario ScherthanEmail: scherthanmario@gmail.com Haftungshinweis:\u00a0 Trotz sorgf\u00e4ltiger Inhaltlicher Kontrolle \u00fcbernehmen wir keine Haftung f\u00fcr die Inhalte und\/oder externe Links. F\u00fcr den Inhalt der [&hellip;]<\/p>\n","protected":false},"author":1,"featured_media":0,"parent":0,"menu_order":0,"comment_status":"closed","ping_status":"closed","template":"elementor_canvas","meta":{"footnotes":""},"class_list":["post-540","page","type-page","status-publish","hentry"],"_links":{"self":[{"href":"http:\/\/zeitlos-mainz.com\/index.php\/wp-json\/wp\/v2\/pages\/540","targetHints":{"allow":["GET"]}}],"collection":[{"href":"http:\/\/zeitlos-mainz.com\/index.php\/wp-json\/wp\/v2\/pages"}],"about":[{"href":"http:\/\/zeitlos-mainz.com\/index.php\/wp-json\/wp\/v2\/types\/page"}],"author":[{"embeddable":true,"href":"http:\/\/zeitlos-mainz.com\/index.php\/wp-json\/wp\/v2\/users\/1"}],"replies":[{"embeddable":true,"href":"http:\/\/zeitlos-mainz.com\/index.php\/wp-json\/wp\/v2\/comments?post=540"}],"version-history":[{"count":32,"href":"http:\/\/zeitlos-mainz.com\/index.php\/wp-json\/wp\/v2\/pages\/540\/revisions"}],"predecessor-version":[{"id":779,"href":"http:\/\/zeitlos-mainz.com\/index.php\/wp-json\/wp\/v2\/pages\/540\/revisions\/779"}],"wp:attachment":[{"href":"http:\/\/zeitlos-mainz.com\/index.php\/wp-json\/wp\/v2\/media?parent=540"}],"curies":[{"name":"wp","href":"https:\/\/api.w.org\/{rel}","templated":true}]}}